{"id":43,"date":"2012-01-31T20:54:46","date_gmt":"2012-01-31T20:54:46","guid":{"rendered":"http:\/\/localhost:8080\/muranositio\/?page_id=43"},"modified":"2012-09-05T19:01:44","modified_gmt":"2012-09-05T19:01:44","slug":"locales-comerciales","status":"publish","type":"page","link":"https:\/\/www.plazamurano.com\/?page_id=43","title":{"rendered":"LOCALES COMERCIALES"},"content":{"rendered":"<h2>Plaza Murano ofrece locales comerciales en<br \/>\nSanta Ana para la venta.<\/h2>\n<p>Los locales comerciales se entregan en obra gris, con:<\/p>\n<ul class=\"lista\">\n<li>Previstas mec\u00e1nicas de un ba\u00f1o para cada local<\/li>\n<li>Medidor el\u00e9ctrico y medidor de consumo de agua potable<\/li>\n<li>Previstas para aire acondicionado<\/li>\n<li>Prevista de sistema contra incendios<\/li>\n<li type=\"_moz\">Prevista para gas<\/li>\n<li>Previstas para trampa de grasa<\/li>\n<li>Previstas telef\u00f3nicas y de cable de fibra \u00f3ptica para conexiones r\u00e1pidas a internet<\/li>\n<li>Planta de tratamiento de aguas<\/li>\n<\/ul>\n<h4 class=\"planos-title\">PLANOS ARQUITECT\u00d3NICOS<\/h4>\n<p><img fetchpriority=\"high\" decoding=\"async\" class=\"master-plan\" title=\"locales-comerciales\" src=\"wp-content\/uploads\/2012\/01\/locales-comerciales.jpg\" alt=\"\" width=\"538\" height=\"559\" usemap=\"#Locales-Comerciales\" \/><\/p>\n<p><a class=\"descargarpdf\" title=\"hello\" href=\"wp-content\/uploads\/2012\/01\/locales-comerciales.pdf\">Descargar PDF<\/a><a class=\"contactenos\" href=\"?page_id=18\">Cont\u00e1ctenos<\/a><\/p>\n<map id=\"Locales-Comerciales\" name=\"Locales-Comerciales\">\n<area title=\"LC-12 - 282.89 m\u00b2\" shape=\"poly\" coords=\"143,76,242,78,241,132,199,132,199,124,159,122,158,91,141,94\" href=\"#\" alt=\"LC-12\" \/>\n<area title=\"VENDIDO - LC-11 - 266.67 m\u00b2\" shape=\"poly\" coords=\"333,76,424,76,424,110,395,111,377,132,334,131\" href=\"#\" alt=\"LC-11\" \/>\n<area title=\"VENDIDO - LC-09 - 173.39 m\u00b2\" shape=\"poly\" coords=\"364,133,377,132,396,110,422,112,422,166,364,168\" href=\"#\" alt=\"LC-09\" \/>\n<area title=\"VENDIDO - LC-07 - 135.08 m\u00b2\" shape=\"poly\" coords=\"365,170,423,170,430,207,366,208\" href=\"#\" alt=\"LC-07\" \/>\n<area title=\"VENDIDO - LC-05 - 115.41 m\u00b2\" shape=\"poly\" coords=\"366,241,429,241,424,208,364,209\" href=\"#\" alt=\"LC-05\" \/>\n<area title=\"VENDIDO - LC-03 - 115.58 m\u00b2\" shape=\"poly\" coords=\"365,274,363,243,426,242,427,273\" href=\"#\" alt=\"LC-03\" \/>\n<area title=\"VENDIDO - LC-01 - 131.89 m\u00b2\" shape=\"poly\" coords=\"364,273,424,276,429,309,363,311\" href=\"#\" alt=\"LC-01\" \/>\n<area title=\"VENDIDO - LC-08 - 116.78 m\u00b2\" shape=\"poly\" coords=\"136,207,139,171,190,170,191,206\" href=\"#\" alt=\"LC-08\" \/>\n<area title=\"VENDIDO - LC-06 - 99.67 m\u00b2\" shape=\"poly\" coords=\"135,242,140,210,193,210,191,241\" href=\"#\" alt=\"LC-06\" \/>\n<area title=\"VENDIDO - LC-04 - 99.87 m\u00b2\" shape=\"poly\" coords=\"137,272,142,242,192,242,191,273\" href=\"#\" alt=\"LC-04\" \/>\n<area title=\"VENDIDO - LC-02 - 114.03 m\u00b2\" shape=\"poly\" coords=\"136,315,140,274,190,274,192,312\" href=\"#\" alt=\"LC-02\" \/>\n<area title=\"VENDIDO - LC-10 - 120.71 m\u00b2\" shape=\"poly\" coords=\"141,169,140,133,190,132,191,168\" href=\"#\" alt=\"LC-10\" \/> <\/map>\n","protected":false},"excerpt":{"rendered":"<p>Plaza Murano ofrece locales comerciales en Santa Ana para la venta. Los locales comerciales se entregan en obra gris, con: Previstas mec\u00e1nicas de un ba\u00f1o para cada local Medidor el\u00e9ctrico y medidor de consumo de agua potable Previstas para aire acondicionado Prevista de sistema contra incendios Prevista para gas Previstas para trampa de grasa Previstas &hellip;<\/p>\n<p class=\"read-more\"> <a class=\"\" href=\"https:\/\/www.plazamurano.com\/?page_id=43\"> <span class=\"screen-reader-text\">LOCALES COMERCIALES<\/span> Read More &raquo;<\/a><\/p>\n","protected":false},"author":1,"featured_media":0,"parent":0,"menu_order":0,"comment_status":"open","ping_status":"open","template":"","meta":{"footnotes":""},"class_list":["post-43","page","type-page","status-publish","hentry"],"_links":{"self":[{"href":"https:\/\/www.plazamurano.com\/index.php?rest_route=\/wp\/v2\/pages\/43","targetHints":{"allow":["GET"]}}],"collection":[{"href":"https:\/\/www.plazamurano.com\/index.php?rest_route=\/wp\/v2\/pages"}],"about":[{"href":"https:\/\/www.plazamurano.com\/index.php?rest_route=\/wp\/v2\/types\/page"}],"author":[{"embeddable":true,"href":"https:\/\/www.plazamurano.com\/index.php?rest_route=\/wp\/v2\/users\/1"}],"replies":[{"embeddable":true,"href":"https:\/\/www.plazamurano.com\/index.php?rest_route=%2Fwp%2Fv2%2Fcomments&post=43"}],"version-history":[{"count":18,"href":"https:\/\/www.plazamurano.com\/index.php?rest_route=\/wp\/v2\/pages\/43\/revisions"}],"predecessor-version":[{"id":106,"href":"https:\/\/www.plazamurano.com\/index.php?rest_route=\/wp\/v2\/pages\/43\/revisions\/106"}],"wp:attachment":[{"href":"https:\/\/www.plazamurano.com\/index.php?rest_route=%2Fwp%2Fv2%2Fmedia&parent=43"}],"curies":[{"name":"wp","href":"https:\/\/api.w.org\/{rel}","templated":true}]}}