{"id":40,"date":"2012-01-31T20:46:37","date_gmt":"2012-01-31T20:46:37","guid":{"rendered":"http:\/\/localhost:8080\/muranositio\/?page_id=40"},"modified":"2012-05-29T17:27:40","modified_gmt":"2012-05-29T17:27:40","slug":"oficinas","status":"publish","type":"page","link":"https:\/\/www.plazamurano.com\/?page_id=40","title":{"rendered":"OFICINAS"},"content":{"rendered":"<h2>Plaza Murano ofrece oficinas clase A+<br \/>\nen Santa Ana para la venta.<\/h2>\n<h3 class=\"planos-title\">Caracter\u00edsticas oficinas A+<\/h3>\n<ul class=\"lista\">\n<li>Excelente calidad y prestigio<\/li>\n<li>Arquitectura exclusiva<\/li>\n<li>Excelente ubicaci\u00f3n en la ciudad<\/li>\n<li>Excelencia en su mantenimiento diario.<\/li>\n<\/ul>\n<h3 class=\"planos-title\">Adem\u00e1s de todas las otras variables de que conforman la Clase A+:<\/h3>\n<ul class=\"lista\">\n<li>Dise\u00f1o de primera en un edificio reci\u00e9n construido<\/li>\n<li>Atractivo a aquellos clientes de gran prestigio en el mercado<\/li>\n<li>Administrado profesionalmente por gente altamente capacitada<\/li>\n<li>Parqueo bajo techo, con un m\u00ednimo de un espacio de parqueo por cada 20 m\u00b2 de \u00e1rea<\/li>\n<li>Materiales de alta calidad<\/li>\n<li>Altura entre piso y techo de un m\u00ednimo de 2,70 m<\/li>\n<li>Flexibilidad del dise\u00f1o interno pisos<\/li>\n<li>Seguridad 24\/7<\/li>\n<li>Acceso controlado<\/li>\n<li>Aire Acondicionado<\/li>\n<\/ul>\n<h4 class=\"planos-title\">PLANOS ARQUITECT\u00d3NICOS<\/h4>\n<div id=\"tabs\">\n<ul>\n<li><a href=\"?page_id=134\">1<\/a><\/li>\n<li><a href=\"?page_id=143\">2<\/a><\/li>\n<li><a href=\"?page_id=146\">3<\/a><\/li>\n<li><a href=\"?page_id=150\">4<\/a><\/li>\n<li><a href=\"?page_id=153\">5<\/a><\/li>\n<li><a href=\"?page_id=156\">6<\/a><\/li>\n<li><a href=\"?page_id=159\">7<\/a><\/li>\n<li><a href=\"?page_id=162\">8<\/a><\/li>\n<li><a href=\"?page_id=166\">9<\/a><\/li>\n<\/ul>\n<\/div>\n<p><img decoding=\"async\" id=\"loading\" style=\"display: block; margin: 0 auto; padding-top: 40px;\" src=\"wp-content\/themes\/photox\/images\/custom\/ajax-loader.gif\" alt=\"\" \/><\/p>\n<p>Cada una de las oficinas se entregan en obra gris con:<\/p>\n<ul class=\"lista\">\n<li>Previstas mec\u00e1nicas para un servicio sanitario independiente a los servicios sanitarios p\u00fablicos que se encuentran en el \u00e1rea com\u00fan.<\/li>\n<li>Medidor el\u00e9ctrico y medidor de consumo de agua potable<\/li>\n<li>Previstas para aire acondicionado<\/li>\n<li>Prevista de sistema contra incendios<\/li>\n<li>Previstas telef\u00f3nicas y de cable de fibra \u00f3ptica para conexiones r\u00e1pidas a internet<\/li>\n<li>Bodega<\/li>\n<li>Amplio y elegante lobby de entrada.<\/li>\n<\/ul>\n<p><a class=\"descargarpdf\" href=\"Oficinas.pdf\">Descargar PDF<\/a><a class=\"contactenos\" href=\"#\">Cont\u00e1ctenos<\/a><\/p>\n","protected":false},"excerpt":{"rendered":"<p>Plaza Murano ofrece oficinas clase A+ en Santa Ana para la venta. Caracter\u00edsticas oficinas A+ Excelente calidad y prestigio Arquitectura exclusiva Excelente ubicaci\u00f3n en la ciudad Excelencia en su mantenimiento diario. Adem\u00e1s de todas las otras variables de que conforman la Clase A+: Dise\u00f1o de primera en un edificio reci\u00e9n construido Atractivo a aquellos clientes &hellip;<\/p>\n<p class=\"read-more\"> <a class=\"\" href=\"https:\/\/www.plazamurano.com\/?page_id=40\"> <span class=\"screen-reader-text\">OFICINAS<\/span> Read More &raquo;<\/a><\/p>\n","protected":false},"author":1,"featured_media":0,"parent":0,"menu_order":0,"comment_status":"open","ping_status":"open","template":"","meta":{"footnotes":""},"class_list":["post-40","page","type-page","status-publish","hentry"],"_links":{"self":[{"href":"https:\/\/www.plazamurano.com\/index.php?rest_route=\/wp\/v2\/pages\/40","targetHints":{"allow":["GET"]}}],"collection":[{"href":"https:\/\/www.plazamurano.com\/index.php?rest_route=\/wp\/v2\/pages"}],"about":[{"href":"https:\/\/www.plazamurano.com\/index.php?rest_route=\/wp\/v2\/types\/page"}],"author":[{"embeddable":true,"href":"https:\/\/www.plazamurano.com\/index.php?rest_route=\/wp\/v2\/users\/1"}],"replies":[{"embeddable":true,"href":"https:\/\/www.plazamurano.com\/index.php?rest_route=%2Fwp%2Fv2%2Fcomments&post=40"}],"version-history":[{"count":23,"href":"https:\/\/www.plazamurano.com\/index.php?rest_route=\/wp\/v2\/pages\/40\/revisions"}],"predecessor-version":[{"id":298,"href":"https:\/\/www.plazamurano.com\/index.php?rest_route=\/wp\/v2\/pages\/40\/revisions\/298"}],"wp:attachment":[{"href":"https:\/\/www.plazamurano.com\/index.php?rest_route=%2Fwp%2Fv2%2Fmedia&parent=40"}],"curies":[{"name":"wp","href":"https:\/\/api.w.org\/{rel}","templated":true}]}}