{"id":21,"date":"2012-01-31T17:53:10","date_gmt":"2012-01-31T17:53:10","guid":{"rendered":"http:\/\/localhost:8080\/muranositio\/?page_id=21"},"modified":"2012-02-03T14:18:47","modified_gmt":"2012-02-03T14:18:47","slug":"plaza-murano","status":"publish","type":"page","link":"https:\/\/www.plazamurano.com\/?page_id=21","title":{"rendered":"PLAZA MURANO"},"content":{"rendered":"<h2>Sobre el proyecto<\/h2>\n<p>En el primer nivel del edificio hay 6 espacios de oficinas, un \u00e1rea de recepci\u00f3n para todo el oficentro, 4 elevadores con capacidad de 12 personas y 1 elevador que llega al vest\u00edbulo desde los tres niveles de parqueos subterr\u00e1neos exclusivo para los visitantes del oficentro.<\/p>\n<p>Del segundo al noveno pisos hay 8 espacios de oficinas por piso.<\/p>\n<p>En todos los pisos hay un \u00e1rea com\u00fan con ba\u00f1os p\u00fablicos para hombres y mujeres. Adem\u00e1s hay ductos mec\u00e1nicos, el\u00e9ctricos y de telecomunicaciones al igual que un ducto de basura.<\/p>\n<p>El centro comercial tiene 12 locales comerciales de dos pisos cada uno y 49 estacionamientos.<\/p>\n<p>Hay dos plantas el\u00e9ctricas; una para el edificio de oficinas y otra para el centro comercial. Estas plantas el\u00e9ctricas cubren el funcionamiento al 100% de operaci\u00f3n de cada espacio<\/p>\n<p><a href=\"http:\/\/www.youtube.com\/watch?v=3ZC8IAGciBU\" rel=\"prettyPhoto\"><img decoding=\"async\" src=\"wp-content\/themes\/photox\/images\/custom\/video.jpg\" alt=\"\" title=\"\" \/><\/a><br \/>\n<a href=\"?page_id=40\" class=\"oficinas\">OFICINAS PARA LA VENTA ><\/a><a href=\"?page_id=43\" class=\"locales\">LOCALES COMERCIALES ><\/a><\/p>\n","protected":false},"excerpt":{"rendered":"<p>Sobre el proyecto En el primer nivel del edificio hay 6 espacios de oficinas, un \u00e1rea de recepci\u00f3n para todo el oficentro, 4 elevadores con capacidad de 12 personas y 1 elevador que llega al vest\u00edbulo desde los tres niveles de parqueos subterr\u00e1neos exclusivo para los visitantes del oficentro. Del segundo al noveno pisos hay &hellip;<\/p>\n<p class=\"read-more\"> <a class=\"\" href=\"https:\/\/www.plazamurano.com\/?page_id=21\"> <span class=\"screen-reader-text\">PLAZA MURANO<\/span> Read More &raquo;<\/a><\/p>\n","protected":false},"author":1,"featured_media":0,"parent":0,"menu_order":0,"comment_status":"open","ping_status":"open","template":"","meta":{"footnotes":""},"class_list":["post-21","page","type-page","status-publish","hentry"],"_links":{"self":[{"href":"https:\/\/www.plazamurano.com\/index.php?rest_route=\/wp\/v2\/pages\/21","targetHints":{"allow":["GET"]}}],"collection":[{"href":"https:\/\/www.plazamurano.com\/index.php?rest_route=\/wp\/v2\/pages"}],"about":[{"href":"https:\/\/www.plazamurano.com\/index.php?rest_route=\/wp\/v2\/types\/page"}],"author":[{"embeddable":true,"href":"https:\/\/www.plazamurano.com\/index.php?rest_route=\/wp\/v2\/users\/1"}],"replies":[{"embeddable":true,"href":"https:\/\/www.plazamurano.com\/index.php?rest_route=%2Fwp%2Fv2%2Fcomments&post=21"}],"version-history":[{"count":7,"href":"https:\/\/www.plazamurano.com\/index.php?rest_route=\/wp\/v2\/pages\/21\/revisions"}],"predecessor-version":[{"id":119,"href":"https:\/\/www.plazamurano.com\/index.php?rest_route=\/wp\/v2\/pages\/21\/revisions\/119"}],"wp:attachment":[{"href":"https:\/\/www.plazamurano.com\/index.php?rest_route=%2Fwp%2Fv2%2Fmedia&parent=21"}],"curies":[{"name":"wp","href":"https:\/\/api.w.org\/{rel}","templated":true}]}}